{"id":644,"date":"2015-06-25T10:16:19","date_gmt":"2015-06-25T15:16:19","guid":{"rendered":"http:\/\/www.geomeneses.com\/?page_id=644"},"modified":"2016-05-11T09:02:19","modified_gmt":"2016-05-11T14:02:19","slug":"puntos-de-venta-2","status":"publish","type":"page","link":"https:\/\/www.geomeneses.com\/en\/puntos-de-venta-2\/","title":{"rendered":"Retailers"},"content":{"rendered":"<p><strong>LIBRER\u00cdA CUERNAVACA<\/strong><\/p>\n<p>Av. Teopanzolco #401\u00a0Col. Reforma\u00a0C.P. 62260<br \/>\nCuernavaca, Morelos<\/p>\n<p><strong>DF<\/strong><\/p>\n<p>Librer\u00edas Gandhi:<br \/>\nBellas Artes. Av. Ju\u00e1rez #4. Entre Eje Central y L\u00f3pez.\u00a0Centro.<br \/>\n<span style=\"line-height: 1.5;\">Madero. Francisco I. Madero #32. Entre Bilivar e Isabel La Cat\u00f3lica. Centro.<\/span><\/p>\n<p>Coyoac\u00e0n: Carrilo Puerto #6 entre Franciso Ortega y Jard\u00edn del Centenario.<br \/>\nCentro de Coyoac\u00e1n.<\/p>\n<p><strong>LIBRERIAS EDUCAL:<\/strong><\/p>\n<p>Centro Cultural Elena Garro.<br \/>\nFern\u00e1ndez Leal #43. Barrio La Concepci\u00f3n. Coyac\u00e1n<\/p>\n<p>Cineteca Nacional.<br \/>\nAv. M\u00e9xico Coyoac\u00e1n #389. Col. Xoco. Interior de la Cineteca Nacional.<br \/>\nGran F\u00f3rum. Guatemala 22, Col. Campestre Churubusco.<br \/>\nA un costado de la Terminal de Autobuses de Sur Taxque\u00f1a.<\/p>\n<p>LIBRER\u00cdA BIBLIOTECA VASCONCELOS.<\/p>\n<p>Eje 1 Norte, esq. Aldama.\u00a0Col. Buenavista.\u00a0C.P. 06350\u00a0Del.<br \/>\nCuauht\u00e9moc.M\u00e9xico, D.F.<\/p>\n<p>LIBRER\u00cdA CENTRO CULTURAL DEL BOSQUE.<\/p>\n<p>Campo Marte y Paseo de la Reforma S\/N\u00a0Col. Chapultepec Polanco.<br \/>\nC.P. 11560\u00a0Del. Miguel Hidalgo\u00a0M\u00e9xico, D.F.<\/p>\n<p>LIBRER\u00cdA MAURICIO ACHAR.<\/p>\n<p>Miguel \u00c1ngel de Quevedo, #121,\u00a0Guadalupe Chimalistac, C.P. 01050 ,<br \/>\nM\u00e9xico, Distrito Federal.<\/p>\n<p><strong>LIBRER\u00cdA GUADALAJARA.<\/strong><\/p>\n<p>L\u00f3pez Cotilla, #1567\u00a0Col. Lafayette Sector Ju\u00e1rez C.P. 44140<br \/>\nGuadalajara, Jalisco.<\/p>\n<p><strong>LIBRER\u00cdA OAXACA.<\/strong><\/p>\n<p>EDUCAL<br \/>\nMACEDONIO ALCALA<br \/>\nSANTO DOMINGO<br \/>\nLIBRER\u00cdA GRA\u00d1EN PORRUA<\/p>\n<p><strong>LIBRER\u00cdA PUEBLA.<\/strong><\/p>\n<p>Av. Osa Mayor, #2902\u00a0Unidad Territorial Atlixcayotl\u00a0C.P. 72190,<br \/>\nPuebla, Puebla<\/p>\n<p><strong>LIBRER\u00cdA METEPEC.<\/strong><\/p>\n<p>Leona Vicario, #936 Poniente\u00a0La Pur\u00edsima, C.P. 52156.<br \/>\nPlaza Izar, locales 10 y 15\u00a0Edo. De M\u00e9xico.<\/p>\n<p><strong>LIBRER\u00cdA MERIDA<\/strong><\/p>\n<p>Calle 60, #299-A Revoluci\u00f3n\u00a0Galer\u00edas M\u00e9rida, Local 128\u00a0C.P. 97115<br \/>\nM\u00e9rida, Yucat\u00e1n.<\/p>\n<p><strong>LIBRER\u00cdA TIJUANA<\/strong><\/p>\n<p>Paseo H\u00e9roes, #9111, Esq. General M. M\u00e1rquez\u00a0Zona Rio, Pavilion<br \/>\nPlaza, local 113\u00a0C.P. 22320\u00a0Tijuana, Baja California.<\/p>\n<p><strong>LIBRER\u00cdA SAN LUIS POTOS\u00cd<\/strong><\/p>\n<p>Av. Venustiano Carranza, #No. 2301 Local 2\u00a0Col. Las \u00c1guilas\u00a0C.P. 78260<br \/>\nSan Luis Potos\u00ed, San Luis Potos\u00ed<\/p>\n<p>I<strong>nt. De la Rep\u00fablica<\/strong><\/p>\n<p>LIBRER\u00cdAS GANDHI:<\/p>","protected":false},"excerpt":{"rendered":"<p>LIBRER\u00cdA CUERNAVACA Av. Teopanzolco #401\u00a0Col. Reforma\u00a0C.P. 62260 Cuernavaca, Morelos DF Librer\u00edas Gandhi: Bellas Artes. Av. Ju\u00e1rez #4. Entre Eje Central y L\u00f3pez.\u00a0Centro. Madero. Francisco I. Madero #32. Entre Bilivar e Isabel La Cat\u00f3lica. Centro. Coyoac\u00e0n: Carrilo Puerto #6 entre Franciso Ortega y Jard\u00edn del Centenario. Centro de Coyoac\u00e1n. LIBRERIAS EDUCAL:[&#8230;]<\/p>\n","protected":false},"author":1,"featured_media":0,"parent":0,"menu_order":0,"comment_status":"closed","ping_status":"closed","template":"","meta":{"footnotes":""},"_links":{"self":[{"href":"https:\/\/www.geomeneses.com\/en\/wp-json\/wp\/v2\/pages\/644"}],"collection":[{"href":"https:\/\/www.geomeneses.com\/en\/wp-json\/wp\/v2\/pages"}],"about":[{"href":"https:\/\/www.geomeneses.com\/en\/wp-json\/wp\/v2\/types\/page"}],"author":[{"embeddable":true,"href":"https:\/\/www.geomeneses.com\/en\/wp-json\/wp\/v2\/users\/1"}],"replies":[{"embeddable":true,"href":"https:\/\/www.geomeneses.com\/en\/wp-json\/wp\/v2\/comments?post=644"}],"version-history":[{"count":17,"href":"https:\/\/www.geomeneses.com\/en\/wp-json\/wp\/v2\/pages\/644\/revisions"}],"predecessor-version":[{"id":797,"href":"https:\/\/www.geomeneses.com\/en\/wp-json\/wp\/v2\/pages\/644\/revisions\/797"}],"wp:attachment":[{"href":"https:\/\/www.geomeneses.com\/en\/wp-json\/wp\/v2\/media?parent=644"}],"curies":[{"name":"wp","href":"https:\/\/api.w.org\/{rel}","templated":true}]}}